{"id":1186,"date":"2023-08-11T15:51:56","date_gmt":"2023-08-11T15:51:56","guid":{"rendered":"https:\/\/yourownfont.com\/shop\/se\/?page_id=1186"},"modified":"2023-08-11T15:52:00","modified_gmt":"2023-08-11T15:52:00","slug":"cookiepolicy","status":"publish","type":"page","link":"https:\/\/yourownfont.com\/shop\/se\/cookiepolicy\/","title":{"rendered":"Cookiepolicy"},"content":{"rendered":"\n<p>Denna Cookiepolicy uppdaterades senast den 11 augusti 2023 och g\u00e4ller f\u00f6r medborgare och lagliga permanenta inv\u00e5nare i Sverige.<\/p>\n\n\n\n<ol class=\"wp-block-list\">\n<li>Introduktion V\u00e5r webbplats, <a href=\"https:\/\/yourownfont.com\/shop\/se\">https:\/\/yourownfont.com\/shop\/se<\/a> (nedan kallad: &#8221;webbplatsen&#8221;) anv\u00e4nder kakor (cookies) och andra relaterade tekniker (f\u00f6r enkelhet kallas alla tekniker &#8221;kakor&#8221;). Kakor kan ocks\u00e5 placeras av tredje parter som vi har engagerat. I dokumentet nedan informerar vi dig om anv\u00e4ndningen av kakor p\u00e5 v\u00e5r webbplats.<\/li>\n\n\n\n<li>Vad \u00e4r kakor? En kaka \u00e4r en liten enkel fil som skickas med sidor p\u00e5 denna webbplats och lagras av din webbl\u00e4sare p\u00e5 h\u00e5rddisken i din dator eller en annan enhet. Informationen som lagras d\u00e4r kan returneras till v\u00e5ra servrar eller till servrarna hos relevanta tredje parter under ett senare bes\u00f6k.<\/li>\n\n\n\n<li>Vad \u00e4r skript? Ett skript \u00e4r en bit programkod som anv\u00e4nds f\u00f6r att f\u00e5 v\u00e5r webbplats att fungera korrekt och interaktivt. Denna kod utf\u00f6rs p\u00e5 v\u00e5r server eller p\u00e5 din enhet.<\/li>\n\n\n\n<li>Vad \u00e4r en webbmark\u00f6r? En webbmark\u00f6r (eller en pixelm\u00e4rkning) \u00e4r en liten, osynlig bit text eller bild p\u00e5 en webbplats som anv\u00e4nds f\u00f6r att \u00f6vervaka trafiken p\u00e5 en webbplats. F\u00f6r att g\u00f6ra detta lagras olika data om dig med hj\u00e4lp av webbmark\u00f6rer.<\/li>\n\n\n\n<li>Kakor <\/li>\n<\/ol>\n\n\n\n<p>5.1 Tekniska eller funktionella kakor<\/p>\n\n\n\n<p>Vissa kakor s\u00e4kerst\u00e4ller att vissa delar av webbplatsen fungerar korrekt och att dina anv\u00e4ndarinst\u00e4llningar f\u00f6rblir k\u00e4nda. Genom att placera funktionella kakor g\u00f6r vi det enklare f\u00f6r dig att bes\u00f6ka v\u00e5r webbplats. P\u00e5 det h\u00e4r s\u00e4ttet beh\u00f6ver du inte upprepa samma information n\u00e4r du bes\u00f6ker v\u00e5r webbplats och till exempel f\u00f6rblir varorna i din kundvagn tills du har betalat. Vi kan placera dessa kakor utan ditt samtycke.<\/p>\n\n\n\n<p>5.2 Statistik kakor<\/p>\n\n\n\n<p>Vi anv\u00e4nder statistikkakor f\u00f6r att optimera webbplatsupplevelsen f\u00f6r v\u00e5ra anv\u00e4ndare. Med dessa statistikkakor f\u00e5r vi insikter om anv\u00e4ndningen av v\u00e5r webbplats. Vi beg\u00e4r ditt tillst\u00e5nd att placera statistikkakor.<\/p>\n\n\n\n<p>5.3 Marknadsf\u00f6ring\/Sp\u00e5rningskakor<\/p>\n\n\n\n<p>Marknadsf\u00f6ring\/Sp\u00e5rningskakor \u00e4r kakor eller annan form av lokal lagring som anv\u00e4nds f\u00f6r att skapa anv\u00e4ndarprofiler f\u00f6r att visa reklam eller sp\u00e5ra anv\u00e4ndaren p\u00e5 denna webbplats eller \u00f6ver flera webbplatser f\u00f6r liknande marknadsf\u00f6ringssyften.<\/p>\n\n\n\n<p>5.4 Sociala medier<\/p>\n\n\n\n<p>P\u00e5 v\u00e5r webbplats har vi inkluderat inneh\u00e5ll fr\u00e5n Facebook och Twitter f\u00f6r att fr\u00e4mja webbsidor (t.ex. &#8221;gilla&#8221;, &#8221;pinna&#8221;) eller dela (t.ex. &#8221;tweet&#8221;) p\u00e5 sociala n\u00e4tverk som Facebook och Twitter. Detta inneh\u00e5ll \u00e4r inb\u00e4ddat med kod h\u00e4rledd fr\u00e5n Facebook och Twitter och placerar kakor. Detta inneh\u00e5ll kan lagra och bearbeta viss information f\u00f6r personlig reklam.<\/p>\n\n\n\n<p>L\u00e4s integritetspolicyn f\u00f6r dessa sociala n\u00e4tverk (som kan \u00e4ndras regelbundet) f\u00f6r att l\u00e4sa vad de g\u00f6r med dina (personliga) data som de behandlar med hj\u00e4lp av dessa kakor. Den data som h\u00e4mtas \u00e4r s\u00e5 anonymiserad som m\u00f6jligt. Facebook och Twitter \u00e4r bel\u00e4gna i USA.<\/p>\n\n\n\n<ol class=\"wp-block-list\" start=\"6\">\n<li>Placerade kakor WordPress Funktionella<\/li>\n<\/ol>\n\n\n\n<p>Samtycke till tj\u00e4nsten wordpress WooCommerce Funktionella<\/p>\n\n\n\n<p>Samtycke till tj\u00e4nsten woocommerce Complianz Funktionella<\/p>\n\n\n\n<p>Samtycke till tj\u00e4nsten complianz mailpoet Marknadsf\u00f6ring\/sp\u00e5rning<\/p>\n\n\n\n<p>Samtycke till tj\u00e4nsten mailpoet Google Analytics Statistik<\/p>\n\n\n\n<p>Samtycke till tj\u00e4nsten google-analytics Stripe Funktionella<\/p>\n\n\n\n<p>Samtycke till tj\u00e4nsten stripe Automattic Statistik<\/p>\n\n\n\n<p>Samtycke till tj\u00e4nsten automattic Google Fonts Marknadsf\u00f6ring\/sp\u00e5rning<\/p>\n\n\n\n<p>Samtycke till tj\u00e4nsten google-fonts Google reCAPTCHA Marknadsf\u00f6ring\/sp\u00e5rning<\/p>\n\n\n\n<p>Samtycke till tj\u00e4nsten google-recaptcha Facebook Marknadsf\u00f6ring\/sp\u00e5rning, Funktionell<\/p>\n\n\n\n<p>Samtycke till tj\u00e4nsten facebook Twitter Funktionell, Marknadsf\u00f6ring\/sp\u00e5rning<\/p>\n\n\n\n<p>Samtycke till tj\u00e4nsten twitter \u00d6vrigt Syfte under utredning<\/p>\n\n\n\n<p>Samtycke till tj\u00e4nsten \u00f6vrigt 7. Samtycke N\u00e4r du bes\u00f6ker v\u00e5r webbplats f\u00f6r f\u00f6rsta g\u00e5ngen visar vi dig en popup med en f\u00f6rklaring om kakor. S\u00e5 snart du klickar p\u00e5 &#8221;Spara inst\u00e4llningar&#8221; samtycker du till att vi anv\u00e4nder de kategorier av kakor och till\u00e4gg du valt i popupen, som beskrivs i denna Cookiepolicy. Du kan inaktivera anv\u00e4ndningen av kakor via din webbl\u00e4sare, men observera att v\u00e5r webbplats kanske inte fungerar korrekt.<\/p>\n\n\n\n<p>7.1 Hantera dina samtyckesinst\u00e4llningar<\/p>\n\n\n\n<p>Funktionella Alltid aktiva Statistik<\/p>\n\n\n\n<p>Statistik Marknadsf\u00f6ring<\/p>\n\n\n\n<p>Marknadsf\u00f6ring 8. Aktivera\/inaktivera och ta bort kakor Du kan anv\u00e4nda din webbl\u00e4sare f\u00f6r att automatiskt eller manuellt ta bort kakor. Du kan ocks\u00e5 ange att vissa kakor inte f\u00e5r placeras. Ett annat alternativ \u00e4r att \u00e4ndra inst\u00e4llningarna i din webbl\u00e4sare s\u00e5 att du f\u00e5r ett meddelande varje g\u00e5ng en kaka placeras. F\u00f6r mer information om dessa alternativ, se instruktionerna i hj\u00e4lpavsnittet i din webbl\u00e4sare.<\/p>\n\n\n\n<p>Observera att v\u00e5r webbplats kanske inte fungerar korrekt om alla kakor \u00e4r inaktiverade. Om du tar bort kakorna i din webbl\u00e4sare kommer de att placeras igen efter ditt samtycke n\u00e4r du bes\u00f6ker v\u00e5r webbplats igen.<\/p>\n\n\n\n<ol class=\"wp-block-list\" start=\"9\">\n<li>Dina r\u00e4ttigheter avseende personuppgifter Du har f\u00f6ljande r\u00e4ttigheter avseende dina personuppgifter:<\/li>\n<\/ol>\n\n\n\n<p>Du har r\u00e4tt att veta varf\u00f6r dina personuppgifter beh\u00f6vs, vad som kommer att h\u00e4nda med dem och hur l\u00e4nge de kommer att beh\u00e5llas. R\u00e4tt till \u00e5tkomst: Du har r\u00e4tt att f\u00e5 \u00e5tkomst till dina personuppgifter som \u00e4r k\u00e4nda f\u00f6r oss. R\u00e4tt till r\u00e4ttelse: Du har r\u00e4tt att komplettera, korrigera, radera eller blockera dina personuppgifter n\u00e4r du vill. Om du ger oss ditt samtycke att behandla dina data har du r\u00e4tt att \u00e5terkalla det samtycket och att f\u00e5 dina personuppgifter raderade. R\u00e4tt att \u00f6verf\u00f6ra dina data: Du har r\u00e4tt att beg\u00e4ra alla dina personuppgifter fr\u00e5n den som behandlar dem och \u00f6verf\u00f6ra dem i sin helhet till en annan behandlare. R\u00e4tt att inv\u00e4nda: Du f\u00e5r inv\u00e4nda mot behandlingen av dina data. Vi f\u00f6ljer detta om det inte finns ber\u00e4ttigade sk\u00e4l f\u00f6r behandlingen.<\/p>\n\n\n\n<p>F\u00f6r att utnyttja dessa r\u00e4ttigheter, kontakta oss. Se kontaktuppgifterna l\u00e4ngst ned i denna Cookiepolicy. Om du har klagom\u00e5l p\u00e5 hur vi hanterar dina data vill vi g\u00e4rna h\u00f6ra fr\u00e5n dig, men du har ocks\u00e5 r\u00e4tt att l\u00e4mna in klagom\u00e5l till tillsynsmyndigheten (Datainspektionen).<\/p>\n\n\n\n<ol class=\"wp-block-list\" start=\"10\">\n<li>Kontaktuppgifter F\u00f6r fr\u00e5gor och\/eller kommentarer om v\u00e5r Cookiepolicy och detta uttalande, kontakta oss genom att anv\u00e4nda f\u00f6ljande kontaktuppgifter:<\/li>\n<\/ol>\n\n\n\n<p>Ellionor Rapp Lundhagsv\u00e4gen 83, 703 76 \u00d6rebro Sverige Webbplats: <a href=\"https:\/\/yourownfont.com\/shop\/se\">https:\/\/yourownfont.com\/shop\/se<\/a> E-post: shopse@yourownfont.com Telefonnummer: +46-733-185462<\/p>\n\n\n\n<p>Denna Cookiepolicy synkroniserades med cookiedatabase.org den 11 augusti 2023.<\/p>\n","protected":false},"excerpt":{"rendered":"<p>Denna Cookiepolicy uppdaterades senast den 11 augusti 2023 och g\u00e4ller f\u00f6r medborgare och lagliga permanenta inv\u00e5nare i Sverige. 5.1 Tekniska eller funktionella kakor Vissa kakor s\u00e4kerst\u00e4ller att vissa delar av webbplatsen fungerar korrekt och att dina anv\u00e4ndarinst\u00e4llningar f\u00f6rblir k\u00e4nda. Genom att placera funktionella kakor g\u00f6r vi det enklare f\u00f6r dig att bes\u00f6ka v\u00e5r webbplats. P\u00e5 [&hellip;]<\/p>\n","protected":false},"author":1,"featured_media":0,"parent":0,"menu_order":0,"comment_status":"closed","ping_status":"closed","template":"","meta":{"footnotes":""},"class_list":["post-1186","page","type-page","status-publish","hentry"],"_links":{"self":[{"href":"https:\/\/yourownfont.com\/shop\/se\/wp-json\/wp\/v2\/pages\/1186","targetHints":{"allow":["GET"]}}],"collection":[{"href":"https:\/\/yourownfont.com\/shop\/se\/wp-json\/wp\/v2\/pages"}],"about":[{"href":"https:\/\/yourownfont.com\/shop\/se\/wp-json\/wp\/v2\/types\/page"}],"author":[{"embeddable":true,"href":"https:\/\/yourownfont.com\/shop\/se\/wp-json\/wp\/v2\/users\/1"}],"replies":[{"embeddable":true,"href":"https:\/\/yourownfont.com\/shop\/se\/wp-json\/wp\/v2\/comments?post=1186"}],"version-history":[{"count":1,"href":"https:\/\/yourownfont.com\/shop\/se\/wp-json\/wp\/v2\/pages\/1186\/revisions"}],"predecessor-version":[{"id":1187,"href":"https:\/\/yourownfont.com\/shop\/se\/wp-json\/wp\/v2\/pages\/1186\/revisions\/1187"}],"wp:attachment":[{"href":"https:\/\/yourownfont.com\/shop\/se\/wp-json\/wp\/v2\/media?parent=1186"}],"curies":[{"name":"wp","href":"https:\/\/api.w.org\/{rel}","templated":true}]}}