{"id":1209,"date":"2023-08-23T12:45:36","date_gmt":"2023-08-23T12:45:36","guid":{"rendered":"https:\/\/yourownfont.com\/shop\/se\/?post_type=product&#038;p=1209"},"modified":"2023-08-24T07:40:40","modified_gmt":"2023-08-24T07:40:40","slug":"jerimy","status":"publish","type":"product","link":"https:\/\/yourownfont.com\/shop\/se\/produkt\/jerimy\/","title":{"rendered":"Jerimy"},"content":{"rendered":"<p><img loading=\"lazy\" decoding=\"async\" class=\"alignnone wp-image-1217 size-large\" src=\"https:\/\/yourownfont.com\/shop\/se\/wp-content\/uploads\/sites\/2\/2023\/08\/Jerimy_lemon-1024x512.png\" alt=\"\" width=\"1024\" height=\"512\" srcset=\"https:\/\/yourownfont.com\/shop\/se\/wp-content\/uploads\/sites\/2\/2023\/08\/Jerimy_lemon-1024x512.png 1024w, https:\/\/yourownfont.com\/shop\/se\/wp-content\/uploads\/sites\/2\/2023\/08\/Jerimy_lemon-300x150.png 300w, https:\/\/yourownfont.com\/shop\/se\/wp-content\/uploads\/sites\/2\/2023\/08\/Jerimy_lemon-768x384.png 768w, https:\/\/yourownfont.com\/shop\/se\/wp-content\/uploads\/sites\/2\/2023\/08\/Jerimy_lemon-1536x768.png 1536w, https:\/\/yourownfont.com\/shop\/se\/wp-content\/uploads\/sites\/2\/2023\/08\/Jerimy_lemon-600x300.png 600w, https:\/\/yourownfont.com\/shop\/se\/wp-content\/uploads\/sites\/2\/2023\/08\/Jerimy_lemon.png 2000w\" sizes=\"auto, (max-width: 1024px) 100vw, 1024px\" \/><\/p>\n<p>Spr\u00e5k-support: Jerimy inneh\u00e5ller support f\u00f6r ut\u00f6kad Latin. Nordiska spr\u00e5k (inklusive isl\u00e4ndska), Europeiska spr\u00e5k (exklusive grekiska och kyrilliska).<\/p>\n<p>Du kan skriva p\u00e5 alla m\u00f6jliga spr\u00e5k!<\/p>\n<p>Saknas n\u00e5gon bokstav genererar jag den \u00e5t dig kostnadsfritt \u2013 anv\u00e4nd Kontakt-formul\u00e4ret.<\/p>\n","protected":false},"excerpt":{"rendered":"<p>Spr\u00e5k-support: Jerimy inneh\u00e5ller support f\u00f6r ut\u00f6kad Latin. Nordiska spr\u00e5k (inklusive isl\u00e4ndska), Europeiska spr\u00e5k (exklusive grekiska och kyrilliska). Du kan skriva p\u00e5 alla m\u00f6jliga spr\u00e5k! Saknas n\u00e5gon bokstav genererar jag den \u00e5t dig kostnadsfritt \u2013 anv\u00e4nd Kontakt-formul\u00e4ret.<\/p>\n","protected":false},"featured_media":1210,"comment_status":"open","ping_status":"closed","template":"","meta":[],"product_brand":[],"product_cat":[32],"product_tag":[46,52],"class_list":{"0":"post-1209","1":"product","2":"type-product","3":"status-publish","4":"has-post-thumbnail","6":"product_cat-handstilar","7":"product_tag-skrivstil","8":"product_tag-tydlig","10":"first","11":"instock","12":"taxable","13":"shipping-taxable","14":"purchasable","15":"product-type-variable","16":"has-default-attributes"},"_links":{"self":[{"href":"https:\/\/yourownfont.com\/shop\/se\/wp-json\/wp\/v2\/product\/1209","targetHints":{"allow":["GET"]}}],"collection":[{"href":"https:\/\/yourownfont.com\/shop\/se\/wp-json\/wp\/v2\/product"}],"about":[{"href":"https:\/\/yourownfont.com\/shop\/se\/wp-json\/wp\/v2\/types\/product"}],"replies":[{"embeddable":true,"href":"https:\/\/yourownfont.com\/shop\/se\/wp-json\/wp\/v2\/comments?post=1209"}],"wp:featuredmedia":[{"embeddable":true,"href":"https:\/\/yourownfont.com\/shop\/se\/wp-json\/wp\/v2\/media\/1210"}],"wp:attachment":[{"href":"https:\/\/yourownfont.com\/shop\/se\/wp-json\/wp\/v2\/media?parent=1209"}],"wp:term":[{"taxonomy":"product_brand","embeddable":true,"href":"https:\/\/yourownfont.com\/shop\/se\/wp-json\/wp\/v2\/product_brand?post=1209"},{"taxonomy":"product_cat","embeddable":true,"href":"https:\/\/yourownfont.com\/shop\/se\/wp-json\/wp\/v2\/product_cat?post=1209"},{"taxonomy":"product_tag","embeddable":true,"href":"https:\/\/yourownfont.com\/shop\/se\/wp-json\/wp\/v2\/product_tag?post=1209"}],"curies":[{"name":"wp","href":"https:\/\/api.w.org\/{rel}","templated":true}]}}