{"id":477,"date":"2023-08-07T15:37:09","date_gmt":"2023-08-07T15:37:09","guid":{"rendered":"https:\/\/yourownfont.com\/shop\/se\/?post_type=product&#038;p=477"},"modified":"2023-08-07T17:28:00","modified_gmt":"2023-08-07T17:28:00","slug":"william","status":"publish","type":"product","link":"https:\/\/yourownfont.com\/shop\/se\/produkt\/william\/","title":{"rendered":"William"},"content":{"rendered":"<p><img loading=\"lazy\" decoding=\"async\" class=\"alignnone wp-image-481 size-full\" src=\"https:\/\/yourownfont.com\/shop\/se\/wp-content\/uploads\/sites\/2\/2023\/08\/william3.png\" alt=\"\" width=\"728\" height=\"486\" srcset=\"https:\/\/yourownfont.com\/shop\/se\/wp-content\/uploads\/sites\/2\/2023\/08\/william3.png 728w, https:\/\/yourownfont.com\/shop\/se\/wp-content\/uploads\/sites\/2\/2023\/08\/william3-300x200.png 300w, https:\/\/yourownfont.com\/shop\/se\/wp-content\/uploads\/sites\/2\/2023\/08\/william3-600x401.png 600w\" sizes=\"auto, (max-width: 728px) 100vw, 728px\" \/><\/p>\n<p>Spr\u00e5k-support: Elias inneh\u00e5ller support f\u00f6r ut\u00f6kad Latin. Nordiska spr\u00e5k (inklusive isl\u00e4ndska), Europeiska spr\u00e5k (exklusive grekiska och kyrilliska).<\/p>\n<p>Du kan skriva p\u00e5 alla m\u00f6jliga spr\u00e5k!<\/p>\n<p>Saknas n\u00e5gon bokstav genererar jag den \u00e5t dig kostnadsfritt \u2013 anv\u00e4nd Kontakt-formul\u00e4ret.<\/p>\n","protected":false},"excerpt":{"rendered":"<p>Spr\u00e5k-support: Elias inneh\u00e5ller support f\u00f6r ut\u00f6kad Latin. Nordiska spr\u00e5k (inklusive isl\u00e4ndska), Europeiska spr\u00e5k (exklusive grekiska och kyrilliska). Du kan skriva p\u00e5 alla m\u00f6jliga spr\u00e5k! Saknas n\u00e5gon bokstav genererar jag den \u00e5t dig kostnadsfritt \u2013 anv\u00e4nd Kontakt-formul\u00e4ret.<\/p>\n","protected":false},"featured_media":482,"comment_status":"open","ping_status":"closed","template":"","meta":[],"product_brand":[],"product_cat":[32],"product_tag":[44],"class_list":{"0":"post-477","1":"product","2":"type-product","3":"status-publish","4":"has-post-thumbnail","6":"product_cat-handstilar","7":"product_tag-ungdomlig-stil","9":"first","10":"instock","11":"taxable","12":"shipping-taxable","13":"purchasable","14":"product-type-variable","15":"has-default-attributes"},"_links":{"self":[{"href":"https:\/\/yourownfont.com\/shop\/se\/wp-json\/wp\/v2\/product\/477","targetHints":{"allow":["GET"]}}],"collection":[{"href":"https:\/\/yourownfont.com\/shop\/se\/wp-json\/wp\/v2\/product"}],"about":[{"href":"https:\/\/yourownfont.com\/shop\/se\/wp-json\/wp\/v2\/types\/product"}],"replies":[{"embeddable":true,"href":"https:\/\/yourownfont.com\/shop\/se\/wp-json\/wp\/v2\/comments?post=477"}],"wp:featuredmedia":[{"embeddable":true,"href":"https:\/\/yourownfont.com\/shop\/se\/wp-json\/wp\/v2\/media\/482"}],"wp:attachment":[{"href":"https:\/\/yourownfont.com\/shop\/se\/wp-json\/wp\/v2\/media?parent=477"}],"wp:term":[{"taxonomy":"product_brand","embeddable":true,"href":"https:\/\/yourownfont.com\/shop\/se\/wp-json\/wp\/v2\/product_brand?post=477"},{"taxonomy":"product_cat","embeddable":true,"href":"https:\/\/yourownfont.com\/shop\/se\/wp-json\/wp\/v2\/product_cat?post=477"},{"taxonomy":"product_tag","embeddable":true,"href":"https:\/\/yourownfont.com\/shop\/se\/wp-json\/wp\/v2\/product_tag?post=477"}],"curies":[{"name":"wp","href":"https:\/\/api.w.org\/{rel}","templated":true}]}}