{"id":962,"date":"2023-08-07T17:01:41","date_gmt":"2023-08-07T17:01:41","guid":{"rendered":"https:\/\/yourownfont.com\/shop\/se\/?post_type=product&#038;p=962"},"modified":"2023-08-08T09:56:56","modified_gmt":"2023-08-08T09:56:56","slug":"tindra","status":"publish","type":"product","link":"https:\/\/yourownfont.com\/shop\/se\/produkt\/tindra\/","title":{"rendered":"Tindra"},"content":{"rendered":"<p><img loading=\"lazy\" decoding=\"async\" class=\"alignnone size-full wp-image-963\" src=\"https:\/\/yourownfont.com\/shop\/se\/wp-content\/uploads\/sites\/2\/2023\/08\/fg_tindra.gif\" alt=\"\" width=\"200\" height=\"200\" \/><\/p>\n<p>Spr\u00e5k-support: Tindra inneh\u00e5ller support f\u00f6r ut\u00f6kad Latin. Nordiska spr\u00e5k (inklusive isl\u00e4ndska), Europeiska spr\u00e5k (exklusive grekiska och kyrilliska).<\/p>\n<p>Du kan skriva p\u00e5 alla m\u00f6jliga spr\u00e5k!<\/p>\n<p>Saknas n\u00e5gon bokstav genererar jag den \u00e5t dig kostnadsfritt \u2013 anv\u00e4nd Kontakt-formul\u00e4ret.<\/p>\n","protected":false},"excerpt":{"rendered":"<p>Spr\u00e5k-support: Tindra inneh\u00e5ller support f\u00f6r ut\u00f6kad Latin. Nordiska spr\u00e5k (inklusive isl\u00e4ndska), Europeiska spr\u00e5k (exklusive grekiska och kyrilliska). Du kan skriva p\u00e5 alla m\u00f6jliga spr\u00e5k! Saknas n\u00e5gon bokstav genererar jag den \u00e5t dig kostnadsfritt \u2013 anv\u00e4nd Kontakt-formul\u00e4ret.<\/p>\n","protected":false},"featured_media":964,"comment_status":"open","ping_status":"closed","template":"","meta":[],"product_brand":[],"product_cat":[32],"product_tag":[49,48,52,44],"class_list":{"0":"post-962","1":"product","2":"type-product","3":"status-publish","4":"has-post-thumbnail","6":"product_cat-handstilar","7":"product_tag-dekorativ","8":"product_tag-knasig","9":"product_tag-tydlig","10":"product_tag-ungdomlig-stil","12":"first","13":"instock","14":"taxable","15":"shipping-taxable","16":"purchasable","17":"product-type-variable","18":"has-default-attributes"},"_links":{"self":[{"href":"https:\/\/yourownfont.com\/shop\/se\/wp-json\/wp\/v2\/product\/962","targetHints":{"allow":["GET"]}}],"collection":[{"href":"https:\/\/yourownfont.com\/shop\/se\/wp-json\/wp\/v2\/product"}],"about":[{"href":"https:\/\/yourownfont.com\/shop\/se\/wp-json\/wp\/v2\/types\/product"}],"replies":[{"embeddable":true,"href":"https:\/\/yourownfont.com\/shop\/se\/wp-json\/wp\/v2\/comments?post=962"}],"wp:featuredmedia":[{"embeddable":true,"href":"https:\/\/yourownfont.com\/shop\/se\/wp-json\/wp\/v2\/media\/964"}],"wp:attachment":[{"href":"https:\/\/yourownfont.com\/shop\/se\/wp-json\/wp\/v2\/media?parent=962"}],"wp:term":[{"taxonomy":"product_brand","embeddable":true,"href":"https:\/\/yourownfont.com\/shop\/se\/wp-json\/wp\/v2\/product_brand?post=962"},{"taxonomy":"product_cat","embeddable":true,"href":"https:\/\/yourownfont.com\/shop\/se\/wp-json\/wp\/v2\/product_cat?post=962"},{"taxonomy":"product_tag","embeddable":true,"href":"https:\/\/yourownfont.com\/shop\/se\/wp-json\/wp\/v2\/product_tag?post=962"}],"curies":[{"name":"wp","href":"https:\/\/api.w.org\/{rel}","templated":true}]}}